{"id":1685,"date":"2022-06-10T11:24:27","date_gmt":"2022-06-10T08:24:27","guid":{"rendered":"https:\/\/leroko.keyd.lv\/checkout\/"},"modified":"2025-07-01T13:43:18","modified_gmt":"2025-07-01T10:43:18","slug":"checkout","status":"publish","type":"page","link":"https:\/\/leroko.lv\/en\/checkout\/","title":{"rendered":"Checkout"},"content":{"rendered":"<style>.elementor-1685 .elementor-element.elementor-element-7298257a > .elementor-container{max-width:1440px;}.elementor-1685 .elementor-element.elementor-element-3513933{--cols:2;--column-proportion:40%;--cols-gap:30px;}.elementor-1685 .elementor-element.elementor-element-3513933 .etheme-elementor-cart-checkout-page-coupon .section-heading{font-size:16px;}.elementor-1685 .elementor-element.elementor-element-3513933 .woocommerce-checkout-review-order-table{margin-bottom:15px;}.elementor-1685 .elementor-element.elementor-element-3513933 #place_order{background-color:var( --e-global-color-1dda2e7 );}\/* Start custom CSS for woocommerce-checkout-etheme_page, class: .elementor-element-3513933 *\/\/* make the coupon form a flex row *\/\n.woocommerce-form-coupon.section-content {\n  display: flex;\n  flex-wrap: wrap;\n  align-items: center;\n}\n\n\/* input takes roughly two-thirds of the width *\/\n.woocommerce-form-coupon .form-row-first {\n  flex: 2;\n  margin-right: 8px;\n}\n\n\/* button takes the remaining third *\/\n.woocommerce-form-coupon .form-row-last {\n  flex: 1;\n}\n\n\/* ensure full-width inputs\/buttons within their flex cell *\/\n.woocommerce-form-coupon input#coupon_code,\n.woocommerce-form-coupon button[name=\"apply_coupon\"] {\n  width: 100%;\n  box-sizing: border-box;\n}\/* End custom CSS *\/<\/style>\t\t<div data-elementor-type=\"wp-page\" data-elementor-id=\"1685\" class=\"elementor elementor-1685 elementor-14\" data-elementor-post-type=\"page\">\n\t\t\t\t\t\t<section class=\"elementor-section elementor-top-section elementor-element elementor-element-7298257a elementor-section-stretched elementor-section-boxed elementor-section-height-default elementor-section-height-default\" data-id=\"7298257a\" data-element_type=\"section\" data-e-type=\"section\" data-settings=\"{&quot;stretch_section&quot;:&quot;section-stretched&quot;}\">\n\t\t\t\t\t\t<div class=\"elementor-container elementor-column-gap-extended\">\n\t\t\t\t\t<div class=\"elementor-column elementor-col-100 elementor-top-column elementor-element elementor-element-288f1563\" data-id=\"288f1563\" data-element_type=\"column\" data-e-type=\"column\">\n\t\t\t<div class=\"elementor-widget-wrap elementor-element-populated\">\n\t\t\t\t\t\t<div class=\"elementor-element elementor-element-27825e4 elementor-widget elementor-widget-html\" data-id=\"27825e4\" data-element_type=\"widget\" data-e-type=\"widget\" data-widget_type=\"html.default\">\n\t\t\t\t<div class=\"elementor-widget-container\">\n\t\t\t\t\t<style>\n\/* Hide invoice123 fields *\/\n#_invoice_for_company_field,\n#_billing_company_code_field,\n#_billing_company_vat_code_field {\n    display: none !important;\n}\n<\/style>\n\n<script>\njQuery(document).ready(function($) {\n    \n    function handleInvoice123Integration() {\n        \/\/ Hide invoice123 fields\n        $('#_invoice_for_company_field, #_billing_company_code_field, #_billing_company_vat_code_field').hide();\n        \n        \/\/ Function to sync fields\n        function syncToInvoice123() {\n            var selectedPersona = $('input[name=\"persona_type\"]:checked').val();\n            \n            if (selectedPersona === 'juridiska') {\n                \/\/ Check invoice123 checkbox\n                $('#_invoice_for_company').prop('checked', true);\n                \n                \/\/ Sync values\n                $('#_billing_company_code').val($('#billing_company_code').val());\n                $('#_billing_company_vat_code').val($('#billing_company_vat_code').val());\n            } else {\n                \/\/ Uncheck and clear for fiziska\n                $('#_invoice_for_company').prop('checked', false);\n                $('#_billing_company_code').val('');\n                $('#_billing_company_vat_code').val('');\n            }\n        }\n        \n        \/\/ Listen for persona changes\n        $('input[name=\"persona_type\"]').on('change', syncToInvoice123);\n        \n        \/\/ Listen for field changes\n        $('#billing_company_code, #billing_company_vat_code').on('input', syncToInvoice123);\n        \n        \/\/ Initial sync\n        syncToInvoice123();\n    }\n    \n    \/\/ Run on page load\n    handleInvoice123Integration();\n    \n    \/\/ Run after checkout updates\n    $(document.body).on('updated_checkout', function() {\n        setTimeout(handleInvoice123Integration, 200);\n    });\n});\n<\/script>\t\t\t\t<\/div>\n\t\t\t\t<\/div>\n\t\t\t\t\t<\/div>\n\t\t<\/div>\n\t\t\t\t\t<\/div>\n\t\t<\/section>\n\t\t\t\t<\/div>\n\t\t","protected":false},"excerpt":{"rendered":"<p>Nor\u0113\u0137inu inform\u0101cija Juridiska persona Fiziska persona V\u0101rds, uzv\u0101rds&nbsp;* Telefona Nr.&nbsp;* E-pasts&nbsp;* Nepiecie\u0161ams r\u0113\u0137ins uz uz\u0146\u0113mumu?&nbsp;(p\u0113c izv\u0113les) Company code&nbsp;(p\u0113c izv\u0113les) Vat code&nbsp;(p\u0113c izv\u0113les) Uz\u0146\u0113muma nosaukums&nbsp;(p\u0113c izv\u0113les)&#8230;<\/p>\n","protected":false},"author":1,"featured_media":0,"parent":0,"menu_order":0,"comment_status":"closed","ping_status":"closed","template":"","meta":{"_acf_changed":false,"iawp_total_views":1,"footnotes":""},"class_list":["post-1685","page","type-page","status-publish","hentry"],"acf":[],"_links":{"self":[{"href":"https:\/\/leroko.lv\/en\/wp-json\/wp\/v2\/pages\/1685","targetHints":{"allow":["GET"]}}],"collection":[{"href":"https:\/\/leroko.lv\/en\/wp-json\/wp\/v2\/pages"}],"about":[{"href":"https:\/\/leroko.lv\/en\/wp-json\/wp\/v2\/types\/page"}],"author":[{"embeddable":true,"href":"https:\/\/leroko.lv\/en\/wp-json\/wp\/v2\/users\/1"}],"replies":[{"embeddable":true,"href":"https:\/\/leroko.lv\/en\/wp-json\/wp\/v2\/comments?post=1685"}],"version-history":[{"count":0,"href":"https:\/\/leroko.lv\/en\/wp-json\/wp\/v2\/pages\/1685\/revisions"}],"wp:attachment":[{"href":"https:\/\/leroko.lv\/en\/wp-json\/wp\/v2\/media?parent=1685"}],"curies":[{"name":"wp","href":"https:\/\/api.w.org\/{rel}","templated":true}]}}